{"id":2,"date":"2019-08-31T11:59:33","date_gmt":"2019-08-31T09:59:33","guid":{"rendered":"http:\/\/bvcdorl.cluster021.hosting.ovh.net\/?page_id=2"},"modified":"2020-05-27T10:55:25","modified_gmt":"2020-05-27T08:55:25","slug":"page-d-exemple","status":"publish","type":"page","link":"http:\/\/passerellesdespossibles.org\/?page_id=2","title":{"rendered":"Quelles sont nos missions ?"},"content":{"rendered":"\n<p><strong>L\u2019association loi 1901 Passerelles des Possibles a vocation \u00e0 promouvoir la paix en soi et autour de soi en mettant les outils de la Communication Bienveillante et de la M\u00e9diation \u00e0 la port\u00e9e de tous (sans que l\u2019argent ne soit un frein).<\/strong><\/p>\n\n\n\n<p>Dans un esprit d\u2019<strong>\u00e9ducation populaire et de solidarit\u00e9<\/strong>, elle se donne pour missions de :<\/p>\n\n\n\n<ul class=\"wp-block-list\"><li><strong>partager une d\u00e9marche et des outils<\/strong> pour une communication bienveillante et constructive, permettant des relations apais\u00e9es au quotidien ;<\/li><li><strong>favoriser l\u2019acc\u00e8s \u00e0 la m\u00e9diation<\/strong>, en tant qu\u2019outil facilitant ou restaurant la communication ;<\/li><li><strong>d\u00e9velopper le dialogue<\/strong> interculturel et interg\u00e9n\u00e9rationnel, et plus g\u00e9n\u00e9ralement, contribuer \u00e0 une transformation soci\u00e9tale. <\/li><\/ul>\n\n\n\n<div class=\"wp-block-file\"><a href=\"http:\/\/bvcdorl.cluster021.hosting.ovh.net\/wp-content\/uploads\/2020\/05\/Passerelles-des-Possibles_Statuts-2018.pdf\">Pour t\u00e9l\u00e9charger les statuts :<\/a><a href=\"http:\/\/bvcdorl.cluster021.hosting.ovh.net\/wp-content\/uploads\/2020\/05\/Passerelles-des-Possibles_Statuts-2018.pdf\" class=\"wp-block-file__button\" download>T\u00e9l\u00e9charger<\/a><\/div>\n\n\n\n<p><\/p>\n","protected":false},"excerpt":{"rendered":"<p>L\u2019association loi 1901 Passerelles des Possibles a vocation \u00e0 promouvoir la paix en soi et autour de soi en mettant les outils de la Communication Bienveillante et de la M\u00e9diation&#8230;<\/p>\n<div class=\"more-link-wrapper\"><a class=\"more-link\" href=\"http:\/\/passerellesdespossibles.org\/?page_id=2\">Lire la suite&#8230;<span class=\"screen-reader-text\">Quelles sont nos missions ?<\/span><\/a><\/div>\n","protected":false},"author":1,"featured_media":0,"parent":14,"menu_order":0,"comment_status":"closed","ping_status":"closed","template":"","meta":{"footnotes":""},"class_list":["post-2","page","type-page","status-publish","hentry","excerpt"],"_links":{"self":[{"href":"http:\/\/passerellesdespossibles.org\/index.php?rest_route=\/wp\/v2\/pages\/2","targetHints":{"allow":["GET"]}}],"collection":[{"href":"http:\/\/passerellesdespossibles.org\/index.php?rest_route=\/wp\/v2\/pages"}],"about":[{"href":"http:\/\/passerellesdespossibles.org\/index.php?rest_route=\/wp\/v2\/types\/page"}],"author":[{"embeddable":true,"href":"http:\/\/passerellesdespossibles.org\/index.php?rest_route=\/wp\/v2\/users\/1"}],"replies":[{"embeddable":true,"href":"http:\/\/passerellesdespossibles.org\/index.php?rest_route=%2Fwp%2Fv2%2Fcomments&post=2"}],"version-history":[{"count":5,"href":"http:\/\/passerellesdespossibles.org\/index.php?rest_route=\/wp\/v2\/pages\/2\/revisions"}],"predecessor-version":[{"id":190,"href":"http:\/\/passerellesdespossibles.org\/index.php?rest_route=\/wp\/v2\/pages\/2\/revisions\/190"}],"up":[{"embeddable":true,"href":"http:\/\/passerellesdespossibles.org\/index.php?rest_route=\/wp\/v2\/pages\/14"}],"wp:attachment":[{"href":"http:\/\/passerellesdespossibles.org\/index.php?rest_route=%2Fwp%2Fv2%2Fmedia&parent=2"}],"curies":[{"name":"wp","href":"https:\/\/api.w.org\/{rel}","templated":true}]}}