{"id":212,"date":"2020-11-23T18:26:14","date_gmt":"2020-11-23T17:26:14","guid":{"rendered":"http:\/\/bvcdorl.cluster021.hosting.ovh.net\/?page_id=212"},"modified":"2020-11-30T09:35:18","modified_gmt":"2020-11-30T08:35:18","slug":"atelier-parentalite","status":"publish","type":"page","link":"http:\/\/passerellesdespossibles.org\/?page_id=212","title":{"rendered":"Atelier Parentalit\u00e9"},"content":{"rendered":"\n<figure class=\"wp-block-image size-large\"><img loading=\"lazy\" decoding=\"async\" width=\"1024\" height=\"442\" src=\"http:\/\/bvcdorl.cluster021.hosting.ovh.net\/wp-content\/uploads\/2020\/11\/15-Relation-parent-_-enfant-1024x442.png\" alt=\"\" class=\"wp-image-231\" srcset=\"http:\/\/passerellesdespossibles.org\/wp-content\/uploads\/2020\/11\/15-Relation-parent-_-enfant-1024x442.png 1024w, http:\/\/passerellesdespossibles.org\/wp-content\/uploads\/2020\/11\/15-Relation-parent-_-enfant-300x130.png 300w, http:\/\/passerellesdespossibles.org\/wp-content\/uploads\/2020\/11\/15-Relation-parent-_-enfant-768x332.png 768w, http:\/\/passerellesdespossibles.org\/wp-content\/uploads\/2020\/11\/15-Relation-parent-_-enfant-1536x663.png 1536w, http:\/\/passerellesdespossibles.org\/wp-content\/uploads\/2020\/11\/15-Relation-parent-_-enfant-2048x885.png 2048w\" sizes=\"auto, (max-width: 1024px) 100vw, 1024px\" \/><\/figure>\n\n\n\n<p>Depuis cet automne, une fois par mois environ, Passerelles des Possibles propose de se retrouver (sur Zoom) pour \u00e9changer autour de la <strong><span class=\"has-inline-color has-luminous-vivid-orange-color\">Parentalit\u00e9<\/span><\/strong>. Questions, inqui\u00e9tudes, mais aussi petits pas et grands changements, venez partager avec nous au sein d&rsquo;un cadre sans jugement, le quotidien avec votre enfant ou adolescent. <\/p>\n\n\n\n<p>Les Ateliers Parentalit\u00e9 sont anim\u00e9s par Mariette Schifferer (form\u00e9e en Communication Non Violente, et M\u00e9diatrice CNV), assist\u00e9e d&rsquo;un Animateur en Communication Bienveillante.<\/p>\n\n\n\n<p><em>Sur une proposition de St\u00e9phane Bonacci et Mariette Schifferer<\/em><\/p>\n\n\n\n<p><strong>Tarifs de l&rsquo;atelier de 2h<\/strong> : Adh\u00e9sion \u00e0 l&rsquo;association + 20\u20ac\/30\u20ac\/50\u20ac ou plus selon les capacit\u00e9s de chacun<\/p>\n\n\n\n<p><strong>Pour \u00eatre inform\u00e9 des prochains ateliers ou pour toute question, merci d&rsquo;envoyer un mail \u00e0 : <span class=\"has-inline-color has-luminous-vivid-orange-color\">passerellespossibles@gmail.com<\/span><\/strong><\/p>\n\n\n\n<h2 class=\"wp-block-heading\"><span class=\"has-inline-color has-luminous-vivid-orange-color\">Ressources<strong> <\/strong><\/span><\/h2>\n\n\n\n<h4 class=\"wp-block-heading\"><br><span class=\"has-inline-color has-luminous-vivid-orange-color\">Livres<\/span><\/h4>\n\n\n\n<figure class=\"wp-block-gallery columns-3 is-cropped wp-block-gallery-1 is-layout-flex wp-block-gallery-is-layout-flex\"><ul class=\"blocks-gallery-grid\"><li class=\"blocks-gallery-item\"><figure><img loading=\"lazy\" decoding=\"async\" width=\"600\" height=\"851\" src=\"http:\/\/bvcdorl.cluster021.hosting.ovh.net\/wp-content\/uploads\/2020\/11\/74ce031bd5cd5266b565631659fa26eb-1.jpg\" alt=\"\" data-id=\"225\" data-link=\"http:\/\/bvcdorl.cluster021.hosting.ovh.net\/?attachment_id=225\" class=\"wp-image-225\" srcset=\"http:\/\/passerellesdespossibles.org\/wp-content\/uploads\/2020\/11\/74ce031bd5cd5266b565631659fa26eb-1.jpg 600w, http:\/\/passerellesdespossibles.org\/wp-content\/uploads\/2020\/11\/74ce031bd5cd5266b565631659fa26eb-1-212x300.jpg 212w\" sizes=\"auto, (max-width: 600px) 100vw, 600px\" \/><\/figure><\/li><li class=\"blocks-gallery-item\"><figure><img loading=\"lazy\" decoding=\"async\" width=\"468\" height=\"723\" src=\"http:\/\/bvcdorl.cluster021.hosting.ovh.net\/wp-content\/uploads\/2020\/11\/003555327-2.jpg\" alt=\"\" data-id=\"226\" data-link=\"http:\/\/bvcdorl.cluster021.hosting.ovh.net\/?attachment_id=226\" class=\"wp-image-226\" srcset=\"http:\/\/passerellesdespossibles.org\/wp-content\/uploads\/2020\/11\/003555327-2.jpg 468w, http:\/\/passerellesdespossibles.org\/wp-content\/uploads\/2020\/11\/003555327-2-194x300.jpg 194w\" sizes=\"auto, (max-width: 468px) 100vw, 468px\" \/><\/figure><\/li><li class=\"blocks-gallery-item\"><figure><img loading=\"lazy\" decoding=\"async\" width=\"474\" height=\"691\" src=\"http:\/\/bvcdorl.cluster021.hosting.ovh.net\/wp-content\/uploads\/2020\/11\/alvarez-2.jpg\" alt=\"\" data-id=\"227\" data-link=\"http:\/\/bvcdorl.cluster021.hosting.ovh.net\/?attachment_id=227\" class=\"wp-image-227\" srcset=\"http:\/\/passerellesdespossibles.org\/wp-content\/uploads\/2020\/11\/alvarez-2.jpg 474w, http:\/\/passerellesdespossibles.org\/wp-content\/uploads\/2020\/11\/alvarez-2-206x300.jpg 206w\" sizes=\"auto, (max-width: 474px) 100vw, 474px\" \/><\/figure><\/li><li class=\"blocks-gallery-item\"><figure><img loading=\"lazy\" decoding=\"async\" width=\"682\" height=\"1024\" src=\"http:\/\/bvcdorl.cluster021.hosting.ovh.net\/wp-content\/uploads\/2020\/11\/thom-2-682x1024.jpg\" alt=\"\" data-id=\"228\" data-link=\"http:\/\/bvcdorl.cluster021.hosting.ovh.net\/?attachment_id=228\" class=\"wp-image-228\" srcset=\"http:\/\/passerellesdespossibles.org\/wp-content\/uploads\/2020\/11\/thom-2-682x1024.jpg 682w, http:\/\/passerellesdespossibles.org\/wp-content\/uploads\/2020\/11\/thom-2-200x300.jpg 200w, http:\/\/passerellesdespossibles.org\/wp-content\/uploads\/2020\/11\/thom-2-768x1154.jpg 768w, http:\/\/passerellesdespossibles.org\/wp-content\/uploads\/2020\/11\/thom-2-1023x1536.jpg 1023w, http:\/\/passerellesdespossibles.org\/wp-content\/uploads\/2020\/11\/thom-2-1363x2048.jpg 1363w, http:\/\/passerellesdespossibles.org\/wp-content\/uploads\/2020\/11\/thom-2.jpg 1400w\" sizes=\"auto, (max-width: 682px) 100vw, 682px\" \/><\/figure><\/li><li class=\"blocks-gallery-item\"><figure><img loading=\"lazy\" decoding=\"async\" width=\"690\" height=\"1024\" src=\"http:\/\/bvcdorl.cluster021.hosting.ovh.net\/wp-content\/uploads\/2020\/11\/2e4048b5ab6b807a442a5c94a22fe613.jpg\" alt=\"\" data-id=\"229\" data-full-url=\"http:\/\/bvcdorl.cluster021.hosting.ovh.net\/wp-content\/uploads\/2020\/11\/2e4048b5ab6b807a442a5c94a22fe613.jpg\" data-link=\"http:\/\/bvcdorl.cluster021.hosting.ovh.net\/?attachment_id=229\" class=\"wp-image-229\" srcset=\"http:\/\/passerellesdespossibles.org\/wp-content\/uploads\/2020\/11\/2e4048b5ab6b807a442a5c94a22fe613.jpg 690w, http:\/\/passerellesdespossibles.org\/wp-content\/uploads\/2020\/11\/2e4048b5ab6b807a442a5c94a22fe613-202x300.jpg 202w\" sizes=\"auto, (max-width: 690px) 100vw, 690px\" \/><\/figure><\/li><\/ul><\/figure>\n\n\n\n<h4 class=\"wp-block-heading\"><span class=\"has-inline-color has-luminous-vivid-orange-color\">Articles<\/span><\/h4>\n\n\n\n<p><strong>Mariette Schifferer :<em> La communication bienveillante : une approche cr\u00e9atrice de liens<br><\/em><\/strong><em>Esperluette 2020<\/em><br>Dans cet article, Mariette apporte un \u00e9clairage sur des outils \u00e0 la port\u00e9e de chacun.e pour cr\u00e9er un attachement s\u00e9cure et favoriser une juste estime de soi chez l\u2019enfant (mais pas que !).<\/p>\n\n\n\n<div class=\"wp-block-file\"><a href=\"http:\/\/bvcdorl.cluster021.hosting.ovh.net\/wp-content\/uploads\/2020\/11\/ESP_Mariette_Schifferer1.pdf\">Cliquez ici pour<\/a><a href=\"http:\/\/bvcdorl.cluster021.hosting.ovh.net\/wp-content\/uploads\/2020\/11\/ESP_Mariette_Schifferer1.pdf\" class=\"wp-block-file__button\" download>T\u00e9l\u00e9charger<\/a><\/div>\n\n\n\n<p><\/p>\n\n\n\n<h4 class=\"wp-block-heading\"><span class=\"has-inline-color has-luminous-vivid-orange-color\">Vid\u00e9os<\/span><\/h4>\n\n\n\n<figure class=\"wp-block-embed-youtube wp-block-embed is-type-video is-provider-youtube wp-embed-aspect-16-9 wp-has-aspect-ratio\"><div class=\"wp-block-embed__wrapper\">\n<iframe loading=\"lazy\" title=\"Comment \u00e9duquer les enfants avec bienveillance - V\u00e9ronique Gaspard - PARTIE 1\" width=\"500\" height=\"281\" src=\"https:\/\/www.youtube.com\/embed\/PTSJtSJTL4w?feature=oembed\" frameborder=\"0\" allow=\"accelerometer; autoplay; clipboard-write; encrypted-media; gyroscope; picture-in-picture; web-share\" referrerpolicy=\"strict-origin-when-cross-origin\" allowfullscreen><\/iframe>\n<\/div><\/figure>\n\n\n\n<figure class=\"wp-block-embed-youtube wp-block-embed is-type-video is-provider-youtube wp-embed-aspect-16-9 wp-has-aspect-ratio\"><div class=\"wp-block-embed__wrapper\">\n<iframe loading=\"lazy\" title=\"Pas de punition - Marshall Rosenberg\" width=\"500\" height=\"281\" src=\"https:\/\/www.youtube.com\/embed\/nEBjr1N-Coc?feature=oembed\" frameborder=\"0\" allow=\"accelerometer; autoplay; clipboard-write; encrypted-media; gyroscope; picture-in-picture; web-share\" referrerpolicy=\"strict-origin-when-cross-origin\" allowfullscreen><\/iframe>\n<\/div><figcaption>Marshall Rosenberg, fondateur de la CNV : Sur la punition (10 minutes)<\/figcaption><\/figure>\n\n\n\n<figure class=\"wp-block-embed-youtube wp-block-embed is-type-video is-provider-youtube wp-embed-aspect-4-3 wp-has-aspect-ratio\"><div class=\"wp-block-embed__wrapper\">\n<iframe loading=\"lazy\" title=\"Marshall Rosenberg Eduquer sans r\u00e9compense ni punition CNV traduction simultan\u00e9e\" width=\"500\" height=\"375\" src=\"https:\/\/www.youtube.com\/embed\/_TogRHt7gJc?start=2307&#038;feature=oembed\" frameborder=\"0\" allow=\"accelerometer; autoplay; clipboard-write; encrypted-media; gyroscope; picture-in-picture; web-share\" referrerpolicy=\"strict-origin-when-cross-origin\" allowfullscreen><\/iframe>\n<\/div><figcaption>Marshall Rosenberg : \u00c9duquer sans punition ni r\u00e9compense (dur\u00e9e :  2 heures)<\/figcaption><\/figure>\n\n\n\n<figure class=\"wp-block-embed-youtube wp-block-embed is-type-video is-provider-youtube wp-embed-aspect-16-9 wp-has-aspect-ratio\"><div class=\"wp-block-embed__wrapper\">\n<iframe loading=\"lazy\" title=\"Extrait d&#039;un Interview d&#039;Andr\u00e9 Stern : Je ne suis jamais all\u00e9 \u00e0 l&#039;\u00e9cole\" width=\"500\" height=\"281\" src=\"https:\/\/www.youtube.com\/embed\/V4QymojiifU?feature=oembed\" frameborder=\"0\" allow=\"accelerometer; autoplay; clipboard-write; encrypted-media; gyroscope; picture-in-picture; web-share\" referrerpolicy=\"strict-origin-when-cross-origin\" allowfullscreen><\/iframe>\n<\/div><figcaption>Andr\u00e9 Stern :  Je ne suis jamais all\u00e9 \u00e0 l&rsquo;\u00e9cole (dur\u00e9e : 8 minutes)<\/figcaption><\/figure>\n\n\n\n<figure class=\"wp-block-embed-youtube wp-block-embed is-type-video is-provider-youtube wp-embed-aspect-16-9 wp-has-aspect-ratio\"><div class=\"wp-block-embed__wrapper\">\n<iframe loading=\"lazy\" title=\"&quot;Ces profs qui changent l&#039;\u00e9cole&quot; - Le film\" width=\"500\" height=\"281\" src=\"https:\/\/www.youtube.com\/embed\/qUBqSB6clUk?feature=oembed\" frameborder=\"0\" allow=\"accelerometer; autoplay; clipboard-write; encrypted-media; gyroscope; picture-in-picture; web-share\" referrerpolicy=\"strict-origin-when-cross-origin\" allowfullscreen><\/iframe>\n<\/div><figcaption>Ces profs qui transmettent la CNV (dur\u00e9e : 42 minutes)<\/figcaption><\/figure>\n","protected":false},"excerpt":{"rendered":"<p>Depuis cet automne, une fois par mois environ, Passerelles des Possibles propose de se retrouver (sur Zoom) pour \u00e9changer autour de la Parentalit\u00e9. Questions, inqui\u00e9tudes, mais aussi petits pas et&#8230;<\/p>\n<div class=\"more-link-wrapper\"><a class=\"more-link\" href=\"http:\/\/passerellesdespossibles.org\/?page_id=212\">Lire la suite&#8230;<span class=\"screen-reader-text\">Atelier Parentalit\u00e9<\/span><\/a><\/div>\n","protected":false},"author":1,"featured_media":0,"parent":0,"menu_order":0,"comment_status":"closed","ping_status":"closed","template":"","meta":{"footnotes":""},"class_list":["post-212","page","type-page","status-publish","hentry","excerpt"],"_links":{"self":[{"href":"http:\/\/passerellesdespossibles.org\/index.php?rest_route=\/wp\/v2\/pages\/212","targetHints":{"allow":["GET"]}}],"collection":[{"href":"http:\/\/passerellesdespossibles.org\/index.php?rest_route=\/wp\/v2\/pages"}],"about":[{"href":"http:\/\/passerellesdespossibles.org\/index.php?rest_route=\/wp\/v2\/types\/page"}],"author":[{"embeddable":true,"href":"http:\/\/passerellesdespossibles.org\/index.php?rest_route=\/wp\/v2\/users\/1"}],"replies":[{"embeddable":true,"href":"http:\/\/passerellesdespossibles.org\/index.php?rest_route=%2Fwp%2Fv2%2Fcomments&post=212"}],"version-history":[{"count":8,"href":"http:\/\/passerellesdespossibles.org\/index.php?rest_route=\/wp\/v2\/pages\/212\/revisions"}],"predecessor-version":[{"id":238,"href":"http:\/\/passerellesdespossibles.org\/index.php?rest_route=\/wp\/v2\/pages\/212\/revisions\/238"}],"wp:attachment":[{"href":"http:\/\/passerellesdespossibles.org\/index.php?rest_route=%2Fwp%2Fv2%2Fmedia&parent=212"}],"curies":[{"name":"wp","href":"https:\/\/api.w.org\/{rel}","templated":true}]}}