{"id":31,"date":"2019-08-31T16:05:09","date_gmt":"2019-08-31T14:05:09","guid":{"rendered":"http:\/\/bvcdorl.cluster021.hosting.ovh.net\/?page_id=31"},"modified":"2026-02-17T09:55:45","modified_gmt":"2026-02-17T08:55:45","slug":"lequipe","status":"publish","type":"page","link":"http:\/\/passerellesdespossibles.org\/?page_id=31","title":{"rendered":"L&rsquo;\u00e9quipe 2026"},"content":{"rendered":"\n<h4 class=\"wp-block-heading\">De bas en haut, et de gauche \u00e0 droite : Xavier (pr\u00e9sident), Mariette ( tr\u00e9sori\u00e8re), Emmeline, Didier, Serge, Sandra, et Mary.<\/h4>\n\n\n\n<p><em><strong>Pour faire davantage connaissance avec chacune et chacun, descendez un peu&#8230;<\/strong><\/em><\/p>\n\n\n\n<div class=\"wp-block-cover\"><span aria-hidden=\"true\" class=\"wp-block-cover__background has-background-dim-100 has-background-dim\"><\/span><div class=\"wp-block-cover__inner-container is-layout-flow wp-block-cover-is-layout-flow\">\n<h2 class=\"wp-block-heading\"><strong>Conseil d\u2019administration<\/strong> <strong>AG 2025<\/strong><\/h2>\n\n\n\n<figure class=\"wp-block-gallery has-nested-images columns-default is-cropped wp-block-gallery-1 is-layout-flex wp-block-gallery-is-layout-flex\">\n<figure class=\"wp-block-image size-large\"><img loading=\"lazy\" decoding=\"async\" width=\"858\" height=\"1024\" data-id=\"633\" src=\"http:\/\/passerellesdespossibles.org\/wp-content\/uploads\/2025\/07\/Serge-858x1024.png\" alt=\"\" class=\"wp-image-633\" srcset=\"http:\/\/passerellesdespossibles.org\/wp-content\/uploads\/2025\/07\/Serge-858x1024.png 858w, http:\/\/passerellesdespossibles.org\/wp-content\/uploads\/2025\/07\/Serge-251x300.png 251w, http:\/\/passerellesdespossibles.org\/wp-content\/uploads\/2025\/07\/Serge-768x916.png 768w, http:\/\/passerellesdespossibles.org\/wp-content\/uploads\/2025\/07\/Serge-1287x1536.png 1287w, http:\/\/passerellesdespossibles.org\/wp-content\/uploads\/2025\/07\/Serge-1716x2048.png 1716w, http:\/\/passerellesdespossibles.org\/wp-content\/uploads\/2025\/07\/Serge.png 1780w\" sizes=\"auto, (max-width: 858px) 100vw, 858px\" \/><\/figure>\n\n\n\n<figure class=\"wp-block-image size-large\"><img loading=\"lazy\" decoding=\"async\" width=\"710\" height=\"904\" data-id=\"632\" src=\"http:\/\/passerellesdespossibles.org\/wp-content\/uploads\/2025\/07\/Sandra.png\" alt=\"\" class=\"wp-image-632\" srcset=\"http:\/\/passerellesdespossibles.org\/wp-content\/uploads\/2025\/07\/Sandra.png 710w, http:\/\/passerellesdespossibles.org\/wp-content\/uploads\/2025\/07\/Sandra-236x300.png 236w\" sizes=\"auto, (max-width: 710px) 100vw, 710px\" \/><\/figure>\n\n\n\n<figure class=\"wp-block-image size-large\"><img loading=\"lazy\" decoding=\"async\" width=\"867\" height=\"1024\" data-id=\"631\" src=\"http:\/\/passerellesdespossibles.org\/wp-content\/uploads\/2025\/07\/Mary-867x1024.png\" alt=\"\" class=\"wp-image-631\" srcset=\"http:\/\/passerellesdespossibles.org\/wp-content\/uploads\/2025\/07\/Mary-867x1024.png 867w, http:\/\/passerellesdespossibles.org\/wp-content\/uploads\/2025\/07\/Mary-254x300.png 254w, http:\/\/passerellesdespossibles.org\/wp-content\/uploads\/2025\/07\/Mary-768x907.png 768w, http:\/\/passerellesdespossibles.org\/wp-content\/uploads\/2025\/07\/Mary-1301x1536.png 1301w, http:\/\/passerellesdespossibles.org\/wp-content\/uploads\/2025\/07\/Mary-1735x2048.png 1735w\" sizes=\"auto, (max-width: 867px) 100vw, 867px\" \/><\/figure>\n\n\n\n<figure class=\"wp-block-image size-large\"><img loading=\"lazy\" decoding=\"async\" width=\"760\" height=\"1024\" data-id=\"630\" src=\"http:\/\/passerellesdespossibles.org\/wp-content\/uploads\/2025\/07\/Mariette-1-760x1024.png\" alt=\"\" class=\"wp-image-630\" srcset=\"http:\/\/passerellesdespossibles.org\/wp-content\/uploads\/2025\/07\/Mariette-1-760x1024.png 760w, http:\/\/passerellesdespossibles.org\/wp-content\/uploads\/2025\/07\/Mariette-1-223x300.png 223w, http:\/\/passerellesdespossibles.org\/wp-content\/uploads\/2025\/07\/Mariette-1-768x1035.png 768w, http:\/\/passerellesdespossibles.org\/wp-content\/uploads\/2025\/07\/Mariette-1-1140x1536.png 1140w, http:\/\/passerellesdespossibles.org\/wp-content\/uploads\/2025\/07\/Mariette-1-1520x2048.png 1520w, http:\/\/passerellesdespossibles.org\/wp-content\/uploads\/2025\/07\/Mariette-1.png 1754w\" sizes=\"auto, (max-width: 760px) 100vw, 760px\" \/><\/figure>\n\n\n\n<figure class=\"wp-block-image size-large\"><img loading=\"lazy\" decoding=\"async\" width=\"768\" height=\"1024\" data-id=\"629\" src=\"http:\/\/passerellesdespossibles.org\/wp-content\/uploads\/2025\/07\/Emmeline-768x1024.png\" alt=\"\" class=\"wp-image-629\" srcset=\"http:\/\/passerellesdespossibles.org\/wp-content\/uploads\/2025\/07\/Emmeline-768x1025.png 768w, http:\/\/passerellesdespossibles.org\/wp-content\/uploads\/2025\/07\/Emmeline-225x300.png 225w, http:\/\/passerellesdespossibles.org\/wp-content\/uploads\/2025\/07\/Emmeline-1151x1536.png 1151w, http:\/\/passerellesdespossibles.org\/wp-content\/uploads\/2025\/07\/Emmeline.png 1341w\" sizes=\"auto, (max-width: 768px) 100vw, 768px\" \/><\/figure>\n\n\n\n<figure class=\"wp-block-image size-large\"><img loading=\"lazy\" decoding=\"async\" width=\"839\" height=\"1024\" data-id=\"628\" src=\"http:\/\/passerellesdespossibles.org\/wp-content\/uploads\/2025\/07\/Didier-839x1024.png\" alt=\"\" class=\"wp-image-628\" srcset=\"http:\/\/passerellesdespossibles.org\/wp-content\/uploads\/2025\/07\/Didier-839x1024.png 839w, http:\/\/passerellesdespossibles.org\/wp-content\/uploads\/2025\/07\/Didier-246x300.png 246w, http:\/\/passerellesdespossibles.org\/wp-content\/uploads\/2025\/07\/Didier-768x937.png 768w, http:\/\/passerellesdespossibles.org\/wp-content\/uploads\/2025\/07\/Didier-1259x1536.png 1259w, http:\/\/passerellesdespossibles.org\/wp-content\/uploads\/2025\/07\/Didier-1678x2048.png 1678w, http:\/\/passerellesdespossibles.org\/wp-content\/uploads\/2025\/07\/Didier.png 1725w\" sizes=\"auto, (max-width: 839px) 100vw, 839px\" \/><\/figure>\n\n\n\n<figure class=\"wp-block-image size-large\"><img loading=\"lazy\" decoding=\"async\" width=\"743\" height=\"1024\" data-id=\"626\" src=\"http:\/\/passerellesdespossibles.org\/wp-content\/uploads\/2025\/07\/Xavier-trombine-743x1024.jpg\" alt=\"\" class=\"wp-image-626\" srcset=\"http:\/\/passerellesdespossibles.org\/wp-content\/uploads\/2025\/07\/Xavier-trombine-743x1024.jpg 743w, http:\/\/passerellesdespossibles.org\/wp-content\/uploads\/2025\/07\/Xavier-trombine-218x300.jpg 218w, http:\/\/passerellesdespossibles.org\/wp-content\/uploads\/2025\/07\/Xavier-trombine-768x1059.jpg 768w, http:\/\/passerellesdespossibles.org\/wp-content\/uploads\/2025\/07\/Xavier-trombine.jpg 771w\" sizes=\"auto, (max-width: 743px) 100vw, 743px\" \/><\/figure>\n<\/figure>\n<\/div><\/div>\n\n\n\n<figure class=\"wp-block-image size-large\"><img loading=\"lazy\" decoding=\"async\" width=\"1024\" height=\"724\" src=\"http:\/\/passerellesdespossibles.org\/wp-content\/uploads\/2025\/07\/Membres_CA2025_page1-1024x724.jpg\" alt=\"\" class=\"wp-image-635\" srcset=\"http:\/\/passerellesdespossibles.org\/wp-content\/uploads\/2025\/07\/Membres_CA2025_page1-1024x724.jpg 1024w, http:\/\/passerellesdespossibles.org\/wp-content\/uploads\/2025\/07\/Membres_CA2025_page1-300x212.jpg 300w, http:\/\/passerellesdespossibles.org\/wp-content\/uploads\/2025\/07\/Membres_CA2025_page1-768x543.jpg 768w, http:\/\/passerellesdespossibles.org\/wp-content\/uploads\/2025\/07\/Membres_CA2025_page1-1536x1086.jpg 1536w, http:\/\/passerellesdespossibles.org\/wp-content\/uploads\/2025\/07\/Membres_CA2025_page1.jpg 1755w\" sizes=\"auto, (max-width: 1024px) 100vw, 1024px\" \/><\/figure>\n\n\n\n<figure class=\"wp-block-image size-large\"><img loading=\"lazy\" decoding=\"async\" width=\"1024\" height=\"724\" src=\"http:\/\/passerellesdespossibles.org\/wp-content\/uploads\/2025\/07\/Membres_CA2025_page2-1024x724.jpg\" alt=\"\" class=\"wp-image-637\" srcset=\"http:\/\/passerellesdespossibles.org\/wp-content\/uploads\/2025\/07\/Membres_CA2025_page2-1024x724.jpg 1024w, http:\/\/passerellesdespossibles.org\/wp-content\/uploads\/2025\/07\/Membres_CA2025_page2-300x212.jpg 300w, http:\/\/passerellesdespossibles.org\/wp-content\/uploads\/2025\/07\/Membres_CA2025_page2-768x543.jpg 768w, http:\/\/passerellesdespossibles.org\/wp-content\/uploads\/2025\/07\/Membres_CA2025_page2-1536x1086.jpg 1536w, http:\/\/passerellesdespossibles.org\/wp-content\/uploads\/2025\/07\/Membres_CA2025_page2.jpg 1755w\" sizes=\"auto, (max-width: 1024px) 100vw, 1024px\" \/><\/figure>\n\n\n\n<p><\/p>\n\n\n\n<h3 class=\"wp-block-heading has-luminous-vivid-orange-color has-text-color\"><strong>Bureau de l\u2019association 202<\/strong>4<strong> \/ 2025<\/strong><\/h3>\n\n\n\n<p><strong>Pr\u00e9sident<\/strong><br>Xavier Reyre, tout jeune retrait\u00e9 ! A suivi la formation d&rsquo;animateur \/ Passeur en 2024, apr\u00e8s avoir suivi plusieurs formations CNV (Communication Non Violente de Marshall Rosenberg). A initi\u00e9 un groupe de pratique \u00e0 Saumur.<\/p>\n\n\n\n<p><strong>Tr\u00e9sori\u00e8re<\/strong><br>Mariette Schifferer, Dipl\u00f4m\u00e9e de l\u2019Ecole des M\u00e9diateurs CNV, Animatrice d\u2019Ateliers philo avec les enfants, formatrice en Communication Bienveillante, m\u00e9diatrice, accompagnante en insertion professionnelle et soci\u00e9tale, Form\u00e9e en Ressources Humaines, Intelligence collective et coop\u00e9ration<\/p>\n\n\n\n<h3 class=\"wp-block-heading has-luminous-vivid-orange-color has-text-color\"><strong>Conseil d\u2019administration<\/strong> <strong>2024 \/ 2025<\/strong><\/h3>\n\n\n\n<p><\/p>\n\n\n\n<p>Mathilde Marizien (44), Animatrice en Communication Bienveillante<\/p>\n\n\n\n<p>Jeanne Reyre (07) Infirmi\u00e8re, M\u00e9diatrice CNV et Animatrice en Communication Bienveillante<\/p>\n\n\n\n<p>Sandra Schirch (67) adh\u00e9rente tr\u00e8s active !<br>Mariette Schifferer (43)  Formatrice et m\u00e9diatrice (cf tr\u00e9sori\u00e8re)<br>Emmeline Rapp (38) Animatrice en Communication Bienveillante<br>B\u00e9rang\u00e8re Marizien (26) Animatrice en Communication Bienveillante<\/p>\n\n\n\n<p>Didier Figon (43)  form\u00e9, et futur animateur ??<br><br><strong>Nos stagiaires au CA<\/strong> : Serge Pelissier , m\u00e9diateur CNV et Mary Burbaud, Animatrice en Communication Bienveillante<br><\/p>\n\n\n\n<p><strong>Marraines<\/strong><\/p>\n\n\n\n<p><strong>Annie Gosselin<\/strong>, formatrice CNV et fondatrice de l\u2019\u00e9cole des M\u00e9diateurs (Institut \u00c9MERGENCE)<\/p>\n\n\n\n<p><strong>Isabelle Peloux<\/strong>, professeure des \u00e9coles, directrice de l\u2019\u00c9cole du Colibris, et chercheuse en p\u00e9dagogie et en \u00e9ducation \u00e0 la coop\u00e9ration<\/p>\n\n\n\n<p>Le c\u0153ur de l\u2019association est compos\u00e9 de membres ayant d\u00e9couvert la Communication bienveillante dans diff\u00e9rents contextes. Enrichis par sa pratique, nous \u0153uvrons \u00e0 sa diffusion et contribuons chacun.e \u00e0 notre fa\u00e7on. <br>Au sein d\u2019un Conseil d\u2019administration coll\u00e9gial, Passerelles des Possibles met en pratique les outils de la CNV au service d\u2019une coop\u00e9ration dynamique. Des cercles de travail sont \u00e9galement ouverts aux membres actifs qui souhaitent s\u2019investir. <strong>N\u2019h\u00e9sitez pas \u00e0 nous contacter pour nous rejoindre. Vos propositions et observations sont les bienvenues !<\/strong><\/p>\n\n\n\n<h3 class=\"wp-block-heading has-luminous-vivid-orange-color has-text-color\"><strong>Paroles de membres<\/strong><\/h3>\n\n\n\n<blockquote class=\"wp-block-quote is-layout-flow wp-block-quote-is-layout-flow\">\n<p><strong>Lucile<\/strong><br><em>Tourtoirac (Dordogne)<br><\/em>Novice dans l\u2019apprentissage de la communication bienveillante, j\u2019ai d\u00e9couvert avec bonheur la puissance de la m\u00e9diation individuelle, comme outil \u00e0 la fois tr\u00e8s profond et tr\u00e8s concret pour cheminer avec les difficult\u00e9s de la vie. Je me suis engag\u00e9e dans le tout premier conseil d\u2019administration de l\u2019association pour partager ces d\u00e9couvertes, et approfondir sans rel\u00e2che\u2026<\/p>\n<\/blockquote>\n\n\n\n<blockquote class=\"wp-block-quote is-layout-flow wp-block-quote-is-layout-flow\">\n<p><strong>Clara<\/strong>&nbsp;<br><em>La Voulte sur Rh\u00f4ne <\/em>(Ard\u00e8che)<br>En apprenant avec plaisir cette communication du c\u0153ur, j&rsquo;observe avec \u00e9merveillement la place qu&rsquo;elle peut avoir dans ma vie : me permettre d&rsquo;atteindre un bien \u00eatre avec moi et les autres.<br>Attir\u00e9e par la sant\u00e9 du corps et de l&rsquo;\u00e2me, et voulant partager ce tr\u00e9sor qu&rsquo;est la CNV avec le monde, je suis pr\u00e9sente au sein de l&rsquo;association depuis le d\u00e9but et cette envie de lancer une graine. Afin de rendre la CNV accessible avec simplicit\u00e9, et en se r\u00e9galant de bonnes rencontres! \ud83d\ude42<\/p>\n<\/blockquote>\n\n\n\n<blockquote class=\"wp-block-quote is-layout-flow wp-block-quote-is-layout-flow\">\n<p><strong>Oph\u00e9lie&nbsp;<\/strong><br><em>Dun (Ari\u00e8ge)<br><\/em>La d\u00e9couverte des outils de la communication bienveillante et de la m\u00e9diation a \u00e9t\u00e9 une r\u00e9volution dans ma vie : c\u2019est \u00e0 la fois une aide pr\u00e9cieuse pour cultiver mon jardin int\u00e9rieur et m\u2019\u00e9panouir dans le grand jardin ext\u00e9rieur.&nbsp;<br>Comme une \u00e9vidence, j\u2019ai eu envie de contribuer \u00e0 la diffusion de ces outils au sein de Passerelles des Possibles pour permettre \u00e0 chacun.e de se reconnecter \u00e0 soi, \u00e0 l\u2019Autre et \u00e0 son environnement\u2026<br>Vivant au sein d\u2019un collectif, je m\u2019\u00e9merveille chaque jour un peu plus de la puissance de la communication bienveillante pour cultiver des relations plus harmonieuses et sinc\u00e8res\u2026&nbsp;<br>J\u2019en suis intimement convaincue : il est possible de vivre ensemble en paix! Et j\u2019ai une bonne nouvelle : c\u2019est \u00e0 la port\u00e9e de chacun.e !<\/p>\n<\/blockquote>\n\n\n\n<blockquote class=\"wp-block-quote is-layout-flow wp-block-quote-is-layout-flow\">\n<p><strong>B\u00e9rang\u00e8re<\/strong><br><em>Montmeyran (Dr\u00f4me)<br><\/em>La d\u00e9couverte de la CNV a \u00e9t\u00e9 une r\u00e9v\u00e9lation pour moi. Comprendre ses \u00e9motions et celles de l&rsquo;Autre pour vivre sereinement est une chose magnifique. C&rsquo;est l&rsquo;envie d\u2019acqu\u00e9rir les moyens de diffuser cette communication bienveillante au plus grand nombre qui m&rsquo;a men\u00e9 \u00e0 participer \u00e0 l&rsquo;association.&nbsp;<br>Au sein de Passerelles des Possibles, je fais partie de l&rsquo;aventure depuis sa cr\u00e9ation et r\u00e9alise la plupart de ses supports de communication.<\/p>\n<\/blockquote>\n\n\n\n<blockquote class=\"wp-block-quote is-layout-flow wp-block-quote-is-layout-flow\">\n<p><strong>J\u00e9r\u00e9my<br> <\/strong><em>Dun (Ari\u00e8ge)<\/em><br>Apr\u00e8s plusieurs ann\u00e9es sur les routes je suis aujourd&rsquo;hui install\u00e9 en Ari\u00e8ge sur un lieu collectif ou nous exp\u00e9rimentons de nouvelles fa\u00e7ons de nous organiser, d&rsquo;agir et d&rsquo;\u00eatre pour un meilleur vivre ensemble. J&rsquo;ai d\u00e9couvert la communication bienveillante lors d&rsquo;un atelier chez terre et humanisme. Ce qui m&rsquo;a touch\u00e9 c&rsquo;est la profondeur \u00e0 laquelle je peux aller dans ma relation \u00e0 moi et aux autres gr\u00e2ce \u00e0 des outils tr\u00e8s simples!<br>Quand ce r\u00eave d&rsquo;association \u00e0 \u00e9merg\u00e9 c&rsquo;\u00e9tait \u00e9vidence pour moi de m&rsquo;engager sur le bateau comme membre du CA. Je fais \u00e9galement parti de la premi\u00e8re session de formation animateur en communication bienveillante.<\/p>\n<\/blockquote>\n\n\n\n<figure class=\"wp-block-image size-full\"><img loading=\"lazy\" decoding=\"async\" width=\"920\" height=\"240\" src=\"http:\/\/passerellesdespossibles.org\/wp-content\/uploads\/2023\/06\/20200119-173007-1-f56332b05b7f427ba9f6e50453f0a100.jpg\" alt=\"\" class=\"wp-image-404\" srcset=\"http:\/\/passerellesdespossibles.org\/wp-content\/uploads\/2023\/06\/20200119-173007-1-f56332b05b7f427ba9f6e50453f0a100.jpg 920w, http:\/\/passerellesdespossibles.org\/wp-content\/uploads\/2023\/06\/20200119-173007-1-f56332b05b7f427ba9f6e50453f0a100-300x78.jpg 300w, http:\/\/passerellesdespossibles.org\/wp-content\/uploads\/2023\/06\/20200119-173007-1-f56332b05b7f427ba9f6e50453f0a100-768x200.jpg 768w\" sizes=\"auto, (max-width: 920px) 100vw, 920px\" \/><\/figure>\n","protected":false},"excerpt":{"rendered":"<p>De bas en haut, et de gauche \u00e0 droite : Xavier (pr\u00e9sident), Mariette ( tr\u00e9sori\u00e8re), Emmeline, Didier, Serge, Sandra, et Mary. Pour faire davantage connaissance avec chacune et chacun, descendez&#8230;<\/p>\n<div class=\"more-link-wrapper\"><a class=\"more-link\" href=\"http:\/\/passerellesdespossibles.org\/?page_id=31\">Lire la suite&#8230;<span class=\"screen-reader-text\">L&rsquo;\u00e9quipe 2026<\/span><\/a><\/div>\n","protected":false},"author":1,"featured_media":0,"parent":14,"menu_order":0,"comment_status":"closed","ping_status":"closed","template":"","meta":{"footnotes":""},"class_list":["post-31","page","type-page","status-publish","hentry","excerpt"],"_links":{"self":[{"href":"http:\/\/passerellesdespossibles.org\/index.php?rest_route=\/wp\/v2\/pages\/31","targetHints":{"allow":["GET"]}}],"collection":[{"href":"http:\/\/passerellesdespossibles.org\/index.php?rest_route=\/wp\/v2\/pages"}],"about":[{"href":"http:\/\/passerellesdespossibles.org\/index.php?rest_route=\/wp\/v2\/types\/page"}],"author":[{"embeddable":true,"href":"http:\/\/passerellesdespossibles.org\/index.php?rest_route=\/wp\/v2\/users\/1"}],"replies":[{"embeddable":true,"href":"http:\/\/passerellesdespossibles.org\/index.php?rest_route=%2Fwp%2Fv2%2Fcomments&post=31"}],"version-history":[{"count":15,"href":"http:\/\/passerellesdespossibles.org\/index.php?rest_route=\/wp\/v2\/pages\/31\/revisions"}],"predecessor-version":[{"id":693,"href":"http:\/\/passerellesdespossibles.org\/index.php?rest_route=\/wp\/v2\/pages\/31\/revisions\/693"}],"up":[{"embeddable":true,"href":"http:\/\/passerellesdespossibles.org\/index.php?rest_route=\/wp\/v2\/pages\/14"}],"wp:attachment":[{"href":"http:\/\/passerellesdespossibles.org\/index.php?rest_route=%2Fwp%2Fv2%2Fmedia&parent=31"}],"curies":[{"name":"wp","href":"https:\/\/api.w.org\/{rel}","templated":true}]}}