{"id":37,"date":"2019-08-31T16:08:09","date_gmt":"2019-08-31T14:08:09","guid":{"rendered":"http:\/\/bvcdorl.cluster021.hosting.ovh.net\/?page_id=37"},"modified":"2026-03-21T16:41:00","modified_gmt":"2026-03-21T15:41:00","slug":"adherer-nous-soutenir","status":"publish","type":"page","link":"http:\/\/passerellesdespossibles.org\/?page_id=37","title":{"rendered":"Adh\u00e9rer \/ nous soutenir en 2026 !"},"content":{"rendered":"\n<figure class=\"wp-block-gallery alignwide has-nested-images columns-default is-cropped wp-block-gallery-1 is-layout-flex wp-block-gallery-is-layout-flex\">\n<figure class=\"wp-block-image size-large\"><img loading=\"lazy\" decoding=\"async\" width=\"1024\" height=\"757\" data-id=\"666\" src=\"http:\/\/passerellesdespossibles.org\/wp-content\/uploads\/2025\/12\/Janvier-illustration-1024x757.jpg\" alt=\"\" class=\"wp-image-666\" srcset=\"http:\/\/passerellesdespossibles.org\/wp-content\/uploads\/2025\/12\/Janvier-illustration-1024x757.jpg 1024w, http:\/\/passerellesdespossibles.org\/wp-content\/uploads\/2025\/12\/Janvier-illustration-300x222.jpg 300w, http:\/\/passerellesdespossibles.org\/wp-content\/uploads\/2025\/12\/Janvier-illustration-768x568.jpg 768w, http:\/\/passerellesdespossibles.org\/wp-content\/uploads\/2025\/12\/Janvier-illustration-1536x1136.jpg 1536w, http:\/\/passerellesdespossibles.org\/wp-content\/uploads\/2025\/12\/Janvier-illustration.jpg 1656w\" sizes=\"auto, (max-width: 1024px) 100vw, 1024px\" \/><\/figure>\n<\/figure>\n\n\n\n<p>Les adh\u00e9sions \u00e0 Passerelles des Possibles courent sur l&rsquo;ann\u00e9e civile et sont renouvelables chaque ann\u00e9e.<br>Passerelles des Possibles est une association loi 1901, <strong>organisme d&rsquo;int\u00e9r\u00eat g\u00e9n\u00e9ral<\/strong>. Les dons et adh\u00e9sions sont donc <strong>d\u00e9ductibles <\/strong>de l\u2019imp\u00f4t sur le revenu \u00e0 hauteur de 66%.<\/p>\n\n\n\n<p>Devenez <strong>Adh\u00e9rent<\/strong><br>Vous soutiendrez l\u2019association financi\u00e8rement par votre cotisation annuelle et\/ou vos dons<\/p>\n\n\n\n<p>Devenez <strong>Membre sympathisant<\/strong><br>Vous serez tenus inform\u00e9s des activit\u00e9s propos\u00e9es par Passerelles et pourrez y participer<\/p>\n\n\n\n<p>Devenez <strong>Membre actif*<\/strong><br>Vous pourrez vous impliquer davantage dans la vie de l\u2019association, offrir de votre temps b\u00e9n\u00e9volement durant les \u00e9v\u00e9nements publics auxquels Passerelles participe ou qu&rsquo;elle organise. Vous serez \u00e9galement tenus inform\u00e9s de la tenue de l&rsquo;Assembl\u00e9e g\u00e9n\u00e9rale et des activit\u00e9s propos\u00e9es par Passerelles, et pourrez y participer.&nbsp;<br>(* sous r\u00e9serve de validation de la candidature par le Conseil d\u2019administration)<\/p>\n\n\n\n<h3 class=\"wp-block-heading\"><strong>Adh\u00e9rer<\/strong><\/h3>\n\n\n\n<p>Le prix de\nl&rsquo;adh\u00e9sion est d\u00e9termin\u00e9 en fonction des possibilit\u00e9s financi\u00e8res de chacun :<\/p>\n\n\n\n<ul class=\"wp-block-list\">\n<li>Adh\u00e9sion <strong>courante <\/strong>: 12 \u20ac&nbsp;<\/li>\n\n\n\n<li>Adh\u00e9sion <strong>aisance <\/strong>: 36 \u20ac (soit 12 \u20ac apr\u00e8s d\u00e9duction d\u2019imp\u00f4t gr\u00e2ce au re\u00e7u fiscal)&nbsp;<\/li>\n\n\n\n<li>Adh\u00e9sion <strong>petits budgets<\/strong> : 6 \u20ac&nbsp;<\/li>\n\n\n\n<li>Adh\u00e9sion <strong>symbolique <\/strong>(en cas de difficult\u00e9s financi\u00e8res) : 1 \u20ac<\/li>\n<\/ul>\n\n\n\n<h3 class=\"wp-block-heading\"><strong>Donner<\/strong><\/h3>\n\n\n\n<p>Pour\nparticiper aux projets de l\u2019association, et soutenir la diffusion de la\ncommunication bienveillante et de la m\u00e9diation aupr\u00e8s de personnes disposant de\nfaibles moyens financiers, vous avez \u00e9galement la possibilit\u00e9 de faire <strong>un\ndon ponctuel ou un don mensuel<\/strong> par pr\u00e9l\u00e8vement automatique du montant de\nvotre choix.&nbsp;<\/p>\n\n\n\n<p><strong><em>Toute l&rsquo;\u00e9quipe de Passerelles des Possibles vous remercie pour votre soutien !<\/em><\/strong><\/p>\n\n\n\n<h3 class=\"wp-block-heading\"><strong>R\u00e9gler<\/strong> : <strong>don et\/ou adh\u00e9sion<\/strong><\/h3>\n\n\n\n<ul class=\"wp-block-list\">\n<li><strong>Par paiement en ligne sur le site <\/strong><mark style=\"background-color:rgba(0, 0, 0, 0)\" class=\"has-inline-color has-luminous-vivid-orange-color\"><strong><a href=\"https:\/\/www.helloasso.com\/associations\/passerelles-des-possibles\/adhesions\/adhesion-2026\" data-type=\"URL\" data-id=\"https:\/\/www.helloasso.com\/associations\/passerelles-des-possibles\/adhesions\/adhesions-2023\" target=\"_blank\" rel=\"noreferrer noopener\">Hello Asso<\/a><\/strong> <\/mark><br><em>Un justificatif de paiement et un re\u00e7u fiscal me seront automatiquement d\u00e9livr\u00e9s<\/em><\/li>\n<\/ul>\n\n\n\n<ul class=\"wp-block-list\">\n<li><strong>Par ch\u00e8que <\/strong>\u00e0 l\u2019ordre de Passerelles des Possibles, \u00e0 envoyer \u00e0 :<br>Passerelles des Possibles, <br>14 impasse du Petit Breuil<br>43300 Siaugues Sainte Marie<br>(Si vous souhaitez un re\u00e7u fiscal, merci de contacter l&rsquo;association par ailleurs \u00e0 : passerellespossibles@gmail.com)<\/li>\n<\/ul>\n\n\n\n<ul class=\"wp-block-list\">\n<li><strong>Par virement <br><\/strong> IBAN : FR76 1390 6000 0985 0563 6634 897<br>(Si vous souhaitez un re\u00e7u fiscal, merci de contacter l&rsquo;association par ailleurs \u00e0 : passerellespossibles@gmail.com)<\/li>\n<\/ul>\n\n\n\n<p><\/p>\n","protected":false},"excerpt":{"rendered":"<p>Les adh\u00e9sions \u00e0 Passerelles des Possibles courent sur l&rsquo;ann\u00e9e civile et sont renouvelables chaque ann\u00e9e.Passerelles des Possibles est une association loi 1901, organisme d&rsquo;int\u00e9r\u00eat g\u00e9n\u00e9ral. Les dons et adh\u00e9sions sont&#8230;<\/p>\n<div class=\"more-link-wrapper\"><a class=\"more-link\" href=\"http:\/\/passerellesdespossibles.org\/?page_id=37\">Lire la suite&#8230;<span class=\"screen-reader-text\">Adh\u00e9rer \/ nous soutenir en 2026 !<\/span><\/a><\/div>\n","protected":false},"author":1,"featured_media":0,"parent":0,"menu_order":0,"comment_status":"closed","ping_status":"closed","template":"","meta":{"footnotes":""},"class_list":["post-37","page","type-page","status-publish","hentry","excerpt"],"_links":{"self":[{"href":"http:\/\/passerellesdespossibles.org\/index.php?rest_route=\/wp\/v2\/pages\/37","targetHints":{"allow":["GET"]}}],"collection":[{"href":"http:\/\/passerellesdespossibles.org\/index.php?rest_route=\/wp\/v2\/pages"}],"about":[{"href":"http:\/\/passerellesdespossibles.org\/index.php?rest_route=\/wp\/v2\/types\/page"}],"author":[{"embeddable":true,"href":"http:\/\/passerellesdespossibles.org\/index.php?rest_route=\/wp\/v2\/users\/1"}],"replies":[{"embeddable":true,"href":"http:\/\/passerellesdespossibles.org\/index.php?rest_route=%2Fwp%2Fv2%2Fcomments&post=37"}],"version-history":[{"count":30,"href":"http:\/\/passerellesdespossibles.org\/index.php?rest_route=\/wp\/v2\/pages\/37\/revisions"}],"predecessor-version":[{"id":703,"href":"http:\/\/passerellesdespossibles.org\/index.php?rest_route=\/wp\/v2\/pages\/37\/revisions\/703"}],"wp:attachment":[{"href":"http:\/\/passerellesdespossibles.org\/index.php?rest_route=%2Fwp%2Fv2%2Fmedia&parent=37"}],"curies":[{"name":"wp","href":"https:\/\/api.w.org\/{rel}","templated":true}]}}