{"id":39,"date":"2019-08-31T16:09:02","date_gmt":"2019-08-31T14:09:02","guid":{"rendered":"http:\/\/bvcdorl.cluster021.hosting.ovh.net\/?page_id=39"},"modified":"2026-04-08T16:52:33","modified_gmt":"2026-04-08T14:52:33","slug":"liens-et-ressources","status":"publish","type":"page","link":"http:\/\/passerellesdespossibles.org\/?page_id=39","title":{"rendered":"Ressources"},"content":{"rendered":"\n<p><\/p>\n\n\n\n<h2 class=\"wp-block-heading\"><strong><mark style=\"background-color:rgba(0, 0, 0, 0)\" class=\"has-inline-color has-luminous-vivid-orange-color\">CALENDRIER ILLUSTRE 2026 !!<\/mark><\/strong><\/h2>\n\n\n\n<p><strong>Chaque mois, \u00e0 imprimer gratuitement, et \u00e0 partager largement ! <\/strong><\/p>\n\n\n\n<figure class=\"wp-block-image size-large\"><img loading=\"lazy\" decoding=\"async\" width=\"1024\" height=\"724\" src=\"http:\/\/passerellesdespossibles.org\/wp-content\/uploads\/2026\/04\/Visuel_mai-1024x724.jpg\" alt=\"\" class=\"wp-image-714\" style=\"aspect-ratio:1.4143753014954172\" srcset=\"http:\/\/passerellesdespossibles.org\/wp-content\/uploads\/2026\/04\/Visuel_mai-1024x724.jpg 1024w, http:\/\/passerellesdespossibles.org\/wp-content\/uploads\/2026\/04\/Visuel_mai-300x212.jpg 300w, http:\/\/passerellesdespossibles.org\/wp-content\/uploads\/2026\/04\/Visuel_mai-768x543.jpg 768w, http:\/\/passerellesdespossibles.org\/wp-content\/uploads\/2026\/04\/Visuel_mai-1536x1086.jpg 1536w, http:\/\/passerellesdespossibles.org\/wp-content\/uploads\/2026\/04\/Visuel_mai.jpg 1755w\" sizes=\"auto, (max-width: 1024px) 100vw, 1024px\" \/><\/figure>\n\n\n\n<figure class=\"wp-block-image size-large\"><img loading=\"lazy\" decoding=\"async\" width=\"1024\" height=\"791\" src=\"http:\/\/passerellesdespossibles.org\/wp-content\/uploads\/2026\/04\/Mai-1024x791.jpg\" alt=\"\" class=\"wp-image-712\" srcset=\"http:\/\/passerellesdespossibles.org\/wp-content\/uploads\/2026\/04\/Mai-1024x791.jpg 1024w, http:\/\/passerellesdespossibles.org\/wp-content\/uploads\/2026\/04\/Mai-300x232.jpg 300w, http:\/\/passerellesdespossibles.org\/wp-content\/uploads\/2026\/04\/Mai-768x593.jpg 768w, http:\/\/passerellesdespossibles.org\/wp-content\/uploads\/2026\/04\/Mai-1536x1187.jpg 1536w, http:\/\/passerellesdespossibles.org\/wp-content\/uploads\/2026\/04\/Mai.jpg 1650w\" sizes=\"auto, (max-width: 1024px) 100vw, 1024px\" \/><\/figure>\n\n\n\n<figure class=\"wp-block-gallery has-nested-images columns-default is-cropped wp-block-gallery-1 is-layout-flex wp-block-gallery-is-layout-flex\">\n<figure class=\"wp-block-image size-large is-resized\"><img loading=\"lazy\" decoding=\"async\" width=\"1024\" height=\"722\" data-id=\"698\" src=\"http:\/\/passerellesdespossibles.org\/wp-content\/uploads\/2026\/03\/Avril-ecouter-1024x722.jpg\" alt=\"\" class=\"wp-image-698\" style=\"width:417px;height:auto\" srcset=\"http:\/\/passerellesdespossibles.org\/wp-content\/uploads\/2026\/03\/Avril-ecouter-1024x722.jpg 1024w, http:\/\/passerellesdespossibles.org\/wp-content\/uploads\/2026\/03\/Avril-ecouter-300x212.jpg 300w, http:\/\/passerellesdespossibles.org\/wp-content\/uploads\/2026\/03\/Avril-ecouter-768x542.jpg 768w, http:\/\/passerellesdespossibles.org\/wp-content\/uploads\/2026\/03\/Avril-ecouter-1536x1084.jpg 1536w, http:\/\/passerellesdespossibles.org\/wp-content\/uploads\/2026\/03\/Avril-ecouter.jpg 1742w\" sizes=\"auto, (max-width: 1024px) 100vw, 1024px\" \/><\/figure>\n\n\n\n<figure class=\"wp-block-image size-large is-resized\"><img loading=\"lazy\" decoding=\"async\" width=\"1024\" height=\"791\" data-id=\"699\" src=\"http:\/\/passerellesdespossibles.org\/wp-content\/uploads\/2026\/03\/Avril_mois-1024x791.jpg\" alt=\"\" class=\"wp-image-699\" style=\"width:384px;height:auto\" srcset=\"http:\/\/passerellesdespossibles.org\/wp-content\/uploads\/2026\/03\/Avril_mois-1024x791.jpg 1024w, http:\/\/passerellesdespossibles.org\/wp-content\/uploads\/2026\/03\/Avril_mois-300x232.jpg 300w, http:\/\/passerellesdespossibles.org\/wp-content\/uploads\/2026\/03\/Avril_mois-768x593.jpg 768w, http:\/\/passerellesdespossibles.org\/wp-content\/uploads\/2026\/03\/Avril_mois-1536x1187.jpg 1536w, http:\/\/passerellesdespossibles.org\/wp-content\/uploads\/2026\/03\/Avril_mois.jpg 1650w\" sizes=\"auto, (max-width: 1024px) 100vw, 1024px\" \/><\/figure>\n<\/figure>\n\n\n\n<p><\/p>\n\n\n\n<p><strong>Chouette, c&rsquo;est le printemps !<\/strong><\/p>\n\n\n\n<figure class=\"wp-block-gallery has-nested-images columns-default is-cropped wp-block-gallery-2 is-layout-flex wp-block-gallery-is-layout-flex\">\n<figure class=\"wp-block-image size-large\"><img loading=\"lazy\" decoding=\"async\" width=\"1024\" height=\"724\" data-id=\"689\" src=\"http:\/\/passerellesdespossibles.org\/wp-content\/uploads\/2026\/02\/Mars-1024x724.jpg\" alt=\"\" class=\"wp-image-689\" srcset=\"http:\/\/passerellesdespossibles.org\/wp-content\/uploads\/2026\/02\/Mars-1024x724.jpg 1024w, http:\/\/passerellesdespossibles.org\/wp-content\/uploads\/2026\/02\/Mars-300x212.jpg 300w, http:\/\/passerellesdespossibles.org\/wp-content\/uploads\/2026\/02\/Mars-768x543.jpg 768w, http:\/\/passerellesdespossibles.org\/wp-content\/uploads\/2026\/02\/Mars-1536x1086.jpg 1536w, http:\/\/passerellesdespossibles.org\/wp-content\/uploads\/2026\/02\/Mars.jpg 1755w\" sizes=\"auto, (max-width: 1024px) 100vw, 1024px\" \/><\/figure>\n\n\n\n<figure class=\"wp-block-image size-large\"><img loading=\"lazy\" decoding=\"async\" width=\"1024\" height=\"778\" data-id=\"688\" src=\"http:\/\/passerellesdespossibles.org\/wp-content\/uploads\/2026\/02\/Malentendu-1024x778.jpg\" alt=\"\" class=\"wp-image-688\" srcset=\"http:\/\/passerellesdespossibles.org\/wp-content\/uploads\/2026\/02\/Malentendu-1024x778.jpg 1024w, http:\/\/passerellesdespossibles.org\/wp-content\/uploads\/2026\/02\/Malentendu-300x228.jpg 300w, http:\/\/passerellesdespossibles.org\/wp-content\/uploads\/2026\/02\/Malentendu-768x584.jpg 768w, http:\/\/passerellesdespossibles.org\/wp-content\/uploads\/2026\/02\/Malentendu-1536x1167.jpg 1536w, http:\/\/passerellesdespossibles.org\/wp-content\/uploads\/2026\/02\/Malentendu.jpg 1617w\" sizes=\"auto, (max-width: 1024px) 100vw, 1024px\" \/><\/figure>\n<\/figure>\n\n\n\n<p><strong>A partager pour inspirer ??    \ud83d\ude09<\/strong><\/p>\n\n\n\n<figure class=\"wp-block-image size-large\"><img loading=\"lazy\" decoding=\"async\" width=\"724\" height=\"1024\" src=\"http:\/\/passerellesdespossibles.org\/wp-content\/uploads\/2026\/01\/Fevrier-OK-B_page-0001-724x1024.jpg\" alt=\"\" class=\"wp-image-679\" srcset=\"http:\/\/passerellesdespossibles.org\/wp-content\/uploads\/2026\/01\/Fevrier-OK-B_page-0001-724x1024.jpg 724w, http:\/\/passerellesdespossibles.org\/wp-content\/uploads\/2026\/01\/Fevrier-OK-B_page-0001-212x300.jpg 212w, http:\/\/passerellesdespossibles.org\/wp-content\/uploads\/2026\/01\/Fevrier-OK-B_page-0001-768x1086.jpg 768w, http:\/\/passerellesdespossibles.org\/wp-content\/uploads\/2026\/01\/Fevrier-OK-B_page-0001-1086x1536.jpg 1086w, http:\/\/passerellesdespossibles.org\/wp-content\/uploads\/2026\/01\/Fevrier-OK-B_page-0001.jpg 1241w\" sizes=\"auto, (max-width: 724px) 100vw, 724px\" \/><\/figure>\n\n\n\n<figure class=\"wp-block-gallery has-nested-images columns-default is-cropped wp-block-gallery-3 is-layout-flex wp-block-gallery-is-layout-flex\">\n<figure class=\"wp-block-image size-large\"><img loading=\"lazy\" decoding=\"async\" width=\"1024\" height=\"725\" data-id=\"665\" src=\"http:\/\/passerellesdespossibles.org\/wp-content\/uploads\/2025\/12\/Janvier-illustration_page-0001-1024x725.jpg\" alt=\"\" class=\"wp-image-665\" srcset=\"http:\/\/passerellesdespossibles.org\/wp-content\/uploads\/2025\/12\/Janvier-illustration_page-0001-1024x725.jpg 1024w, http:\/\/passerellesdespossibles.org\/wp-content\/uploads\/2025\/12\/Janvier-illustration_page-0001-300x212.jpg 300w, http:\/\/passerellesdespossibles.org\/wp-content\/uploads\/2025\/12\/Janvier-illustration_page-0001-768x543.jpg 768w, http:\/\/passerellesdespossibles.org\/wp-content\/uploads\/2025\/12\/Janvier-illustration_page-0001-1536x1087.jpg 1536w, http:\/\/passerellesdespossibles.org\/wp-content\/uploads\/2025\/12\/Janvier-illustration_page-0001.jpg 1754w\" sizes=\"auto, (max-width: 1024px) 100vw, 1024px\" \/><\/figure>\n\n\n\n<figure class=\"wp-block-image size-large\"><img loading=\"lazy\" decoding=\"async\" width=\"1024\" height=\"757\" data-id=\"666\" src=\"http:\/\/passerellesdespossibles.org\/wp-content\/uploads\/2025\/12\/Janvier-illustration-1024x757.jpg\" alt=\"\" class=\"wp-image-666\" srcset=\"http:\/\/passerellesdespossibles.org\/wp-content\/uploads\/2025\/12\/Janvier-illustration-1024x757.jpg 1024w, http:\/\/passerellesdespossibles.org\/wp-content\/uploads\/2025\/12\/Janvier-illustration-300x222.jpg 300w, http:\/\/passerellesdespossibles.org\/wp-content\/uploads\/2025\/12\/Janvier-illustration-768x568.jpg 768w, http:\/\/passerellesdespossibles.org\/wp-content\/uploads\/2025\/12\/Janvier-illustration-1536x1136.jpg 1536w, http:\/\/passerellesdespossibles.org\/wp-content\/uploads\/2025\/12\/Janvier-illustration.jpg 1656w\" sizes=\"auto, (max-width: 1024px) 100vw, 1024px\" \/><\/figure>\n<\/figure>\n\n\n\n<p><\/p>\n\n\n\n<p><\/p>\n\n\n\n<p><\/p>\n\n\n\n<p><\/p>\n\n\n\n<h2 class=\"wp-block-heading\"><strong><mark style=\"background-color:rgba(0, 0, 0, 0)\" class=\"has-inline-color has-vivid-red-color\">Cela se passe en Haute-Loire, qu&rsquo;on se le dise !<\/mark><\/strong><\/h2>\n\n\n\n<p><\/p>\n\n\n\n<figure class=\"wp-block-image size-large\"><img loading=\"lazy\" decoding=\"async\" width=\"1024\" height=\"724\" src=\"http:\/\/passerellesdespossibles.org\/wp-content\/uploads\/2025\/09\/A-venir-en-Haute-Loire-1024x724.jpg\" alt=\"\" class=\"wp-image-653\" srcset=\"http:\/\/passerellesdespossibles.org\/wp-content\/uploads\/2025\/09\/A-venir-en-Haute-Loire-1024x724.jpg 1024w, http:\/\/passerellesdespossibles.org\/wp-content\/uploads\/2025\/09\/A-venir-en-Haute-Loire-300x212.jpg 300w, http:\/\/passerellesdespossibles.org\/wp-content\/uploads\/2025\/09\/A-venir-en-Haute-Loire-768x543.jpg 768w, http:\/\/passerellesdespossibles.org\/wp-content\/uploads\/2025\/09\/A-venir-en-Haute-Loire-1536x1086.jpg 1536w, http:\/\/passerellesdespossibles.org\/wp-content\/uploads\/2025\/09\/A-venir-en-Haute-Loire.jpg 2000w\" sizes=\"auto, (max-width: 1024px) 100vw, 1024px\" \/><\/figure>\n\n\n\n<p><\/p>\n\n\n\n<p><\/p>\n\n\n\n<h2 class=\"wp-block-heading\"><mark style=\"background-color:rgba(0, 0, 0, 0)\" class=\"has-inline-color has-vivid-red-color\"><strong>Dans le Var, automne 2025<\/strong><\/mark><\/h2>\n\n\n\n<figure class=\"wp-block-image size-large\"><img loading=\"lazy\" decoding=\"async\" width=\"1024\" height=\"724\" src=\"http:\/\/passerellesdespossibles.org\/wp-content\/uploads\/2025\/07\/Formation-Grimaud-2025-1-1024x724.jpg\" alt=\"\" class=\"wp-image-643\" srcset=\"http:\/\/passerellesdespossibles.org\/wp-content\/uploads\/2025\/07\/Formation-Grimaud-2025-1-1024x724.jpg 1024w, http:\/\/passerellesdespossibles.org\/wp-content\/uploads\/2025\/07\/Formation-Grimaud-2025-1-300x212.jpg 300w, http:\/\/passerellesdespossibles.org\/wp-content\/uploads\/2025\/07\/Formation-Grimaud-2025-1-768x543.jpg 768w, http:\/\/passerellesdespossibles.org\/wp-content\/uploads\/2025\/07\/Formation-Grimaud-2025-1-1536x1086.jpg 1536w, http:\/\/passerellesdespossibles.org\/wp-content\/uploads\/2025\/07\/Formation-Grimaud-2025-1.jpg 2000w\" sizes=\"auto, (max-width: 1024px) 100vw, 1024px\" \/><\/figure>\n\n\n\n<p><\/p>\n\n\n\n<p><\/p>\n\n\n\n<h2 class=\"wp-block-heading\"><strong><mark style=\"background-color:rgba(0, 0, 0, 0)\" class=\"has-inline-color has-vivid-red-color\">Profitez de l&rsquo;\u00e9t\u00e9&#8230; \u00e9coutez de la CNV(*) !!<\/mark><\/strong><\/h2>\n\n\n\n<p>\u00ab&nbsp;Pour que quelque chose change, il faut commencer par changer quelque chose&nbsp;\u00bb.<\/p>\n\n\n\n<p>Or, le changement, c\u2019est avant tout dans le cerveau que cela se passe. Donc, essayons de nourrir notre cerveau avec d\u2019autres discours (que les pens\u00e9es qui, tr\u00e8s souvent, nous induisent en erreur\u2026).<\/p>\n\n\n\n<p><br>(*) CNV&nbsp;: Communication Non Violente de Marshall Rosenberg<\/p>\n\n\n\n<p><strong>Les 80 tr\u00e8s courtes vid\u00e9os sont sur youtube. <a href=\"https:\/\/www.youtube.com\/watch?v=tqQuO9BvThs&amp;list=PLIkhoWXBlJGoEPUnA0VJP_wE2T91oM59d&amp;index=1&amp;t=6s\">Cliquez ici !<\/a> <\/strong><\/p>\n\n\n\n<figure class=\"wp-block-gallery has-nested-images columns-default is-cropped wp-block-gallery-4 is-layout-flex wp-block-gallery-is-layout-flex\">\n<figure class=\"wp-block-image size-large\"><img loading=\"lazy\" decoding=\"async\" width=\"724\" height=\"1024\" data-id=\"646\" src=\"http:\/\/passerellesdespossibles.org\/wp-content\/uploads\/2025\/07\/Voyage-au-coeur-CNV-pdf-724x1024.jpg\" alt=\"\" class=\"wp-image-646\"\/><\/figure>\n<\/figure>\n\n\n\n<h2 class=\"wp-block-heading\"><strong><mark style=\"background-color:rgba(0, 0, 0, 0)\" class=\"has-inline-color has-vivid-red-color\">Le quizz en 10 questions : d&rsquo;apr\u00e8s vous&#8230; <\/mark><\/strong><\/h2>\n\n\n\n<h2 class=\"wp-block-heading\"><strong><mark style=\"background-color:rgba(0, 0, 0, 0)\" class=\"has-inline-color has-vivid-red-color\">VRAI OU FAUX ??<\/mark><\/strong><\/h2>\n\n\n\n<figure class=\"wp-block-image size-large\"><img loading=\"lazy\" decoding=\"async\" width=\"1024\" height=\"1024\" src=\"http:\/\/passerellesdespossibles.org\/wp-content\/uploads\/2024\/12\/Quizz-1024x1024.jpg\" alt=\"\" class=\"wp-image-535\" srcset=\"http:\/\/passerellesdespossibles.org\/wp-content\/uploads\/2024\/12\/Quizz-1024x1024.jpg 1024w, http:\/\/passerellesdespossibles.org\/wp-content\/uploads\/2024\/12\/Quizz-300x300.jpg 300w, http:\/\/passerellesdespossibles.org\/wp-content\/uploads\/2024\/12\/Quizz-150x150.jpg 150w, http:\/\/passerellesdespossibles.org\/wp-content\/uploads\/2024\/12\/Quizz-768x768.jpg 768w, http:\/\/passerellesdespossibles.org\/wp-content\/uploads\/2024\/12\/Quizz-1536x1536.jpg 1536w, http:\/\/passerellesdespossibles.org\/wp-content\/uploads\/2024\/12\/Quizz.jpg 2000w\" sizes=\"auto, (max-width: 1024px) 100vw, 1024px\" \/><\/figure>\n\n\n\n<h3 class=\"wp-block-heading\">Pour la r\u00e9ponse aux affirmations 4, 5 et 8, cliquez sur le fichier audio ci-dessous <\/h3>\n\n\n\n<figure class=\"wp-block-audio\"><audio controls src=\"http:\/\/passerellesdespossibles.org\/wp-content\/uploads\/2025\/03\/Quizz-2024-reponses-4-5-8.wav\"><\/audio><\/figure>\n\n\n\n<figure class=\"wp-block-image size-full\"><img loading=\"lazy\" decoding=\"async\" width=\"600\" height=\"600\" src=\"http:\/\/passerellesdespossibles.org\/wp-content\/uploads\/2025\/03\/image-reponses-4-5-8.png\" alt=\"\" class=\"wp-image-602\" srcset=\"http:\/\/passerellesdespossibles.org\/wp-content\/uploads\/2025\/03\/image-reponses-4-5-8.png 600w, http:\/\/passerellesdespossibles.org\/wp-content\/uploads\/2025\/03\/image-reponses-4-5-8-300x300.png 300w, http:\/\/passerellesdespossibles.org\/wp-content\/uploads\/2025\/03\/image-reponses-4-5-8-150x150.png 150w\" sizes=\"auto, (max-width: 600px) 100vw, 600px\" \/><\/figure>\n\n\n\n<h2 class=\"wp-block-heading\">Question 3 du quizz&#8230;<\/h2>\n\n\n\n<h2 class=\"wp-block-heading\"><strong>Alors, le compromis, est-ce une bonne chose ??<\/strong><\/h2>\n\n\n\n<figure class=\"wp-block-gallery has-nested-images columns-default is-cropped wp-block-gallery-5 is-layout-flex wp-block-gallery-is-layout-flex\">\n<figure class=\"wp-block-image size-large is-style-rounded\"><img loading=\"lazy\" decoding=\"async\" width=\"450\" height=\"401\" data-id=\"558\" src=\"http:\/\/passerellesdespossibles.org\/wp-content\/uploads\/2024\/12\/Compromis-B-4.jpg\" alt=\"\" class=\"wp-image-558\" srcset=\"http:\/\/passerellesdespossibles.org\/wp-content\/uploads\/2024\/12\/Compromis-B-4.jpg 450w, http:\/\/passerellesdespossibles.org\/wp-content\/uploads\/2024\/12\/Compromis-B-4-300x267.jpg 300w\" sizes=\"auto, (max-width: 450px) 100vw, 450px\" \/><\/figure>\n<\/figure>\n\n\n\n<h2 class=\"wp-block-heading\"><a href=\"http:\/\/passerellesdespossibles.org\/wp-content\/uploads\/2024\/12\/CNV-compromis.mp3\"><strong>Cliquez ici<\/strong><\/a> pour la r\u00e9ponse \u00e0 la question 3!<\/h2>\n\n\n\n<p><\/p>\n\n\n\n<p><\/p>\n\n\n\n<h4 class=\"wp-block-heading\"><strong>La vid\u00e9o ci-dessous r\u00e9pond aux questions 1 et 2 du quizz<\/strong><\/h4>\n\n\n\n<div class=\"wp-block-media-text is-stacked-on-mobile\"><figure class=\"wp-block-media-text__media\"><video controls src=\"http:\/\/passerellesdespossibles.org\/wp-content\/uploads\/2024\/12\/Quiz-1-et-2-1.mp4\"><\/video><\/figure><div class=\"wp-block-media-text__content\">\n<p class=\"has-text-align-center has-large-font-size\">Heu&#8230; pas r\u00e9ussi \u00e0 r\u00e9duire la taille de la vid\u00e9o&#8230;  Mais ce n&rsquo;est pas grave !!!<\/p>\n\n\n\n<p><\/p>\n\n\n\n<p><\/p>\n\n\n\n<p><\/p>\n<\/div><\/div>\n\n\n\n<hr class=\"wp-block-separator has-alpha-channel-opacity\"\/>\n\n\n\n<figure class=\"wp-block-table\"><table class=\"has-fixed-layout\"><tbody><tr><td colspan=\"2\"><strong>Pour recevoir ce calendrier \u00ab\u00a0Anniversaires\u00a0\u00bb en format PDF, merci de nous envoyer un mail \u00e0 passerellespossibles@gmail.com<\/strong><\/td><\/tr><\/tbody><\/table><\/figure>\n\n\n\n<figure class=\"wp-block-image\"><img decoding=\"async\" src=\"http:\/\/passerellesdespossibles.org\/wp-content\/uploads\/2024\/12\/Anniversaires-1024x576.jpg\" alt=\"L\u2019attribut alt de cette image est vide, son nom de fichier est Anniversaires-1024x576.jpg.\"\/><\/figure>\n\n\n\n<p><strong>PARTENAIRES<\/strong><br><a href=\"https:\/\/terre-humanisme.org\/\">Terre &amp; Humanisme<\/a>  <br><a href=\"https:\/\/www.facebook.com\/Le-Monde-Allant-Vers-244264189350175\/\">Le Monde Allant Vers<\/a><br><a href=\"https:\/\/www.fonds-pierre-rabhi.org\/\">Fonds de Dotation Pierre Rabhi<\/a><\/p>\n\n\n\n<p><\/p>\n\n\n\n<p>Pour d\u00e9couvrir ou approfondir la Communication bienveillante :<\/p>\n\n\n\n<p><strong>LECTURES<\/strong><br> Livre \u00ab\u00a0<a href=\"https:\/\/www.editionsladecouverte.fr\/catalogue\/index-Les_mots_sont_des_fen__tres__ou_bien_ce_sont_des_murs_-9782707188793.html\">Les mots sont des fen\u00eatres\u00a0\u00bb<\/a> Marshall Rosenberg, Ed. La D\u00e9couverte<br> Livre<a href=\"http:\/\/editions-homme.fr\/cessez-etre-gentil-soyez-vrai-\/thomas-ansembourg\/livre\/9782761936316\"> \u00ab\u00a0Cessez d&rsquo;\u00eatre gentil soyez vrai<\/a>\u00a0\u00bb de Thomas d&rsquo;Ansembourg (version simple ou illustr\u00e9e)<br> Livre <a href=\"https:\/\/www.fredericlenoir.com\/essais\/petit-traite-de-vie-interieure-2\/\">\u00ab\u00a0Petit trait\u00e9 de vie int\u00e9rieure\u00a0\u00bb <\/a>de Fr\u00e9d\u00e9ric Lenoir, Ed. Pocket<br> Livre <a href=\"https:\/\/www.editions-jouvence.fr\/livre\/les-quatre-accords-tolt%C3%A8ques-poche-0\">\u00ab\u00a0Les 4 Accords Tolt\u00e8ques\u00a0\u00bb <\/a>de Don Miguel Ruiz, Ed. Jouvence<br> Les BD <a href=\"https:\/\/conscience-quantique.com\/boutique\/livres-papier\/15-emotions-enquete-et-mode-d-emploi-1.html\">\u00ab\u00a0\u00c9motions : enqu\u00eate et mode d&#8217;emploi\u00a0\u00bb<\/a> d&rsquo;Art Mella <br> Livre <a href=\"https:\/\/www.babelio.com\/livres\/Bourbeau-Les-cinq-blessures-qui-empechent-detre-soi-meme\/37802\">\u00ab\u00a0Les 5 blessures qui emp\u00eachent d&rsquo;\u00eatre soi -m\u00eame\u00a0\u00bb<\/a> de Lise Bourbeau, Ed. Pocket<br> Livre <a href=\"https:\/\/www.xl6.com\/articles\/9782863144527-les-langages-de-l-amour-edition-de-poche-les-actes-qui-disent-je-t-aime\">\u00ab Les langages de l\u2019amour \u00bb<\/a> Gary Chapman, Ed. Farel<\/p>\n\n\n\n<p><strong>LIENS<\/strong><br><a href=\"https:\/\/www.youtube.com\/user\/kergwenael11\">Cha\u00eene Youtube<\/a> d&rsquo;Isa Padovani, formatrice en CNV <br><br>Conf\u00e9rences de Thomas D&rsquo;Ansembourg :<br><a href=\"https:\/\/www.youtube.com\/watch?v=oZWOYtVHpkY\">Cessez d&rsquo;\u00eatre gentil, soyez vrai !<\/a><br><a href=\"https:\/\/www.youtube.com\/watch?v=DqiuxCaFWHA\">Vivre avec nos peurs<\/a><br><a href=\"https:\/\/www.youtube.com\/watch?v=U9kPi24hjdU\">Qui fuis-je, o\u00f9 cours-tu, \u00e0 quoi servons-nous ? L\u2019int\u00e9riorit\u00e9 citoyenne<\/a><br><br>Conf\u00e9rences de Marshall Rosensberg<br><a href=\"https:\/\/www.youtube.com\/watch?v=53_qlO_8qqo\">\u00c9duquer sans r\u00e9compense ni punition<\/a><br><a href=\"https:\/\/www.youtube.com\/watch?v=53_qlO_8qqo\">Introduction \u00e0 la Communication Non Violente<\/a><\/p>\n\n\n\n<p><\/p>\n","protected":false},"excerpt":{"rendered":"<p>CALENDRIER ILLUSTRE 2026 !! Chaque mois, \u00e0 imprimer gratuitement, et \u00e0 partager largement ! Chouette, c&rsquo;est le printemps ! A partager pour inspirer ?? \ud83d\ude09 Cela se passe en Haute-Loire,&#8230;<\/p>\n<div class=\"more-link-wrapper\"><a class=\"more-link\" href=\"http:\/\/passerellesdespossibles.org\/?page_id=39\">Lire la suite&#8230;<span class=\"screen-reader-text\">Ressources<\/span><\/a><\/div>\n","protected":false},"author":1,"featured_media":0,"parent":0,"menu_order":0,"comment_status":"closed","ping_status":"closed","template":"","meta":{"footnotes":""},"class_list":["post-39","page","type-page","status-publish","hentry","excerpt"],"_links":{"self":[{"href":"http:\/\/passerellesdespossibles.org\/index.php?rest_route=\/wp\/v2\/pages\/39","targetHints":{"allow":["GET"]}}],"collection":[{"href":"http:\/\/passerellesdespossibles.org\/index.php?rest_route=\/wp\/v2\/pages"}],"about":[{"href":"http:\/\/passerellesdespossibles.org\/index.php?rest_route=\/wp\/v2\/types\/page"}],"author":[{"embeddable":true,"href":"http:\/\/passerellesdespossibles.org\/index.php?rest_route=\/wp\/v2\/users\/1"}],"replies":[{"embeddable":true,"href":"http:\/\/passerellesdespossibles.org\/index.php?rest_route=%2Fwp%2Fv2%2Fcomments&post=39"}],"version-history":[{"count":45,"href":"http:\/\/passerellesdespossibles.org\/index.php?rest_route=\/wp\/v2\/pages\/39\/revisions"}],"predecessor-version":[{"id":718,"href":"http:\/\/passerellesdespossibles.org\/index.php?rest_route=\/wp\/v2\/pages\/39\/revisions\/718"}],"wp:attachment":[{"href":"http:\/\/passerellesdespossibles.org\/index.php?rest_route=%2Fwp%2Fv2%2Fmedia&parent=39"}],"curies":[{"name":"wp","href":"https:\/\/api.w.org\/{rel}","templated":true}]}}